{"id":32923,"date":"2025-01-08T15:06:26","date_gmt":"2025-01-08T14:06:26","guid":{"rendered":"https:\/\/www.keepoutbracelets.com\/?post_type=product&#038;p=32923"},"modified":"2026-03-05T11:30:52","modified_gmt":"2026-03-05T10:30:52","slug":"bracciale-chakra","status":"publish","type":"product","link":"https:\/\/www.keepoutbracelets.com\/en\/prodotto\/bracciale-chakra\/","title":{"rendered":"Bracciale Chakra"},"content":{"rendered":"<p>Il bracciale Chakra ti aiuter\u00e0 a rafforzare e attivare i tuoi chakra. Ogni braccialetto corrisponde a un chakra particolare. Grazie al nodo scorrevole regolabile, il braccialetto chakra si adatta a qualsiasi polso. \u00c8 meraviglioso come regalo per una persona cara o come regalo per te stesso.<\/p>\n<p>Il braccialetto chakra \u00e8 costituito da un ciondolo con il chakra scelto, il cinturino del colore corrispondente e un ditale Ninin in acciaio. Ogni bracciale ha una cartolina che spiega il significato del colore.<\/p>\n<h5>Un braccialetto per ogni chakra<\/h5>\n<p>Secondo la teoria della salute e della filosofia indiana, il corpo \u00e8 attraversato da migliaia di canali energetici.\u00a0Prana, l&#8217;energia vitale, scorre attraverso questi canali.\u00a0I chakra sono giunzioni in cui i canali energetici si intersecano.<\/p>\n<p>I sette chakra principali corrono lungo la colonna vertebrale. Questi chakra sono spesso associati a determinati colori che sono molto utili per lavorare con i chakra e per lo sviluppo spirituale.<\/p>\n<p><strong>chakra della radice:<\/strong> rosso &#8211; spiritualit\u00e0<br \/>\n<strong>chakra sacrale:<\/strong> arancione &#8211; piacere<br \/>\n<strong>chakra del plesso solare:<\/strong> giallo &#8211; energia<br \/>\n<strong>chakra del cuore:<\/strong> verde &#8211; emozione<br \/>\n<strong>chakra della gola:<\/strong> blu oltremare &#8211; comunicazione<br \/>\n<strong>chakra del terzo occhio:<\/strong> blu &#8211; creativit\u00e0<br \/>\n<strong>chakra della corona :<\/strong> viola &#8211; strategia<\/p>\n<p>&nbsp;<\/p>\n<h6><b>Com\u2019\u00e8 fatto?<\/b><\/h6>\n<ul>\n<li>Ditale alto 0.6 cm in acciaio nichel free;<\/li>\n<li>Placchetta in argento 925;<\/li>\n<li>Filo in poliestere;<\/li>\n<li>Chiusura regolabile con nodi scorsoi.<\/li>\n<\/ul>\n<p>&nbsp;<\/p>\n<h6><b>Il ditale a cosa serve?<\/b><\/h6>\n<p>Un&#8217;antica usanza narra che le nonne regalassero ai propri cari un piccolo ditale, simbolo di protezione da tutto ci\u00f2 che punge nella vita. Il Ditale \u00e8 il portafortuna che attraversa i secoli e non smette mai di stupirti.<\/p>\n<p>&nbsp;<\/p>\n<h6><b>\u00c8 un regalo?<\/b><\/h6>\n<p>Questo prodotto viene normalmente inserito in un astuccio di cartone, ma se desideri la confezione regalo che trovi in foto potrai aggiungerla durante il check-out al costo di 1,50 \u20ac.<\/p>\n<p>&nbsp;<\/p>\n<h6><b>Grazie!<\/b><\/h6>\n<p>Keep Out sostiene, anche grazie a voi, Vitas Onlus sul nostro territorio e la Keep Out School of Love a Jaipur. Per saperne di pi\u00f9, <a href=\"https:\/\/www.keepoutbracelets.com\/keep-out-e-vitas-un-sodalizio-100-casalese\/\">leggi questo approfondimento.<\/a><\/p>\n<p>&nbsp;<\/p>\n","protected":false},"excerpt":{"rendered":"<p><span style=\"font-weight: 400;\">Il bracciale Chakra ti aiuter\u00e0 a rafforzare e attivare i tuoi chakra. Ogni braccialetto corrisponde a un chakra particolare. Grazie al nodo scorrevole regolabile, il braccialetto chakra si adatta a qualsiasi polso. \u00c8 meraviglioso come regalo per una persona cara o come regalo per te stesso.<\/span><\/p>\n<p><span style=\"font-weight: 400;\">Made in Italy, come tutti i prodotti Keep Out, il bracciale Chakra \u00e8 caratterizzato dal nostro iconico ditale e si pu\u00f2 abbinare alla collana Basic. Per saperne di pi\u00f9, <a href=\"https:\/\/www.keepoutbracelets.com\/keep-out-e-il-ditale-la-vera-storia\/\">leggi questa storia.<\/a><\/span><\/p>\n","protected":false},"featured_media":32957,"template":"","meta":{"_monsterinsights_skip_tracking":false,"_monsterinsights_sitenote_active":false,"_monsterinsights_sitenote_note":"","_monsterinsights_sitenote_category":0},"product_brand":[],"product_cat":[743,18],"product_tag":[],"class_list":{"0":"post-32923","1":"product","2":"type-product","3":"status-publish","4":"has-post-thumbnail","6":"product_cat-specialprice","7":"product_cat-bracciali","9":"first","10":"instock","11":"sale","12":"featured","13":"taxable","14":"shipping-taxable","15":"purchasable","16":"product-type-variable"},"yoast_head":"<!-- This site is optimized with the Yoast SEO plugin v23.7 - https:\/\/yoast.com\/wordpress\/plugins\/seo\/ -->\n<title>Bracciale Chakra - Keep Out Bracelets<\/title>\n<meta name=\"robots\" content=\"index, follow, max-snippet:-1, max-image-preview:large, max-video-preview:-1\" \/>\n<link rel=\"canonical\" href=\"https:\/\/www.keepoutbracelets.com\/prodotto\/bracciale-chakra\/\" \/>\n<meta property=\"og:locale\" content=\"en_US\" \/>\n<meta property=\"og:type\" content=\"article\" \/>\n<meta property=\"og:title\" content=\"Bracciale Chakra - Keep Out Bracelets\" \/>\n<meta property=\"og:description\" content=\"Il bracciale Chakra ti aiuter\u00e0 a rafforzare e attivare i tuoi chakra. Ogni braccialetto corrisponde a un chakra particolare. Grazie al nodo scorrevole regolabile, il braccialetto chakra si adatta a qualsiasi polso. \u00c8 meraviglioso come regalo per una persona cara o come regalo per te stesso.  Made in Italy, come tutti i prodotti Keep Out, il bracciale Chakra \u00e8 caratterizzato dal nostro iconico ditale e si pu\u00f2 abbinare alla collana Basic. Per saperne di pi\u00f9, leggi questa storia.\" \/>\n<meta property=\"og:url\" content=\"https:\/\/www.keepoutbracelets.com\/prodotto\/bracciale-chakra\/\" \/>\n<meta property=\"og:site_name\" content=\"Keep Out Bracelets\" \/>\n<meta property=\"article:modified_time\" content=\"2026-03-05T10:30:52+00:00\" \/>\n<meta property=\"og:image\" content=\"https:\/\/www.keepoutbracelets.com\/wp-content\/uploads\/2025\/01\/Progetto-senza-titolo14.png\" \/>\n\t<meta property=\"og:image:width\" content=\"1080\" \/>\n\t<meta property=\"og:image:height\" content=\"1080\" \/>\n\t<meta property=\"og:image:type\" content=\"image\/png\" \/>\n<meta name=\"twitter:card\" content=\"summary_large_image\" \/>\n<meta name=\"twitter:label1\" content=\"Est. reading time\" \/>\n\t<meta name=\"twitter:data1\" content=\"2 minutes\" \/>\n<script type=\"application\/ld+json\" class=\"yoast-schema-graph\">{\"@context\":\"https:\/\/schema.org\",\"@graph\":[{\"@type\":\"WebPage\",\"@id\":\"https:\/\/www.keepoutbracelets.com\/prodotto\/bracciale-chakra\/\",\"url\":\"https:\/\/www.keepoutbracelets.com\/prodotto\/bracciale-chakra\/\",\"name\":\"Bracciale Chakra - Keep Out Bracelets\",\"isPartOf\":{\"@id\":\"https:\/\/www.keepoutbracelets.com\/en\/#website\"},\"primaryImageOfPage\":{\"@id\":\"https:\/\/www.keepoutbracelets.com\/prodotto\/bracciale-chakra\/#primaryimage\"},\"image\":{\"@id\":\"https:\/\/www.keepoutbracelets.com\/prodotto\/bracciale-chakra\/#primaryimage\"},\"thumbnailUrl\":\"https:\/\/www.keepoutbracelets.com\/wp-content\/uploads\/2025\/01\/Progetto-senza-titolo14.png\",\"datePublished\":\"2025-01-08T14:06:26+00:00\",\"dateModified\":\"2026-03-05T10:30:52+00:00\",\"breadcrumb\":{\"@id\":\"https:\/\/www.keepoutbracelets.com\/prodotto\/bracciale-chakra\/#breadcrumb\"},\"inLanguage\":\"en-US\",\"potentialAction\":[{\"@type\":\"ReadAction\",\"target\":[\"https:\/\/www.keepoutbracelets.com\/prodotto\/bracciale-chakra\/\"]}]},{\"@type\":\"ImageObject\",\"inLanguage\":\"en-US\",\"@id\":\"https:\/\/www.keepoutbracelets.com\/prodotto\/bracciale-chakra\/#primaryimage\",\"url\":\"https:\/\/www.keepoutbracelets.com\/wp-content\/uploads\/2025\/01\/Progetto-senza-titolo14.png\",\"contentUrl\":\"https:\/\/www.keepoutbracelets.com\/wp-content\/uploads\/2025\/01\/Progetto-senza-titolo14.png\",\"width\":1080,\"height\":1080},{\"@type\":\"BreadcrumbList\",\"@id\":\"https:\/\/www.keepoutbracelets.com\/prodotto\/bracciale-chakra\/#breadcrumb\",\"itemListElement\":[{\"@type\":\"ListItem\",\"position\":1,\"name\":\"Home\",\"item\":\"https:\/\/www.keepoutbracelets.com\/en\/\"},{\"@type\":\"ListItem\",\"position\":2,\"name\":\"Shop\",\"item\":\"https:\/\/www.keepoutbracelets.com\/en\/shop-2\/\"},{\"@type\":\"ListItem\",\"position\":3,\"name\":\"Bracciale Chakra\"}]},{\"@type\":\"WebSite\",\"@id\":\"https:\/\/www.keepoutbracelets.com\/en\/#website\",\"url\":\"https:\/\/www.keepoutbracelets.com\/en\/\",\"name\":\"Keep Out Bracelets\",\"description\":\"...e la vita non ti punge!\",\"potentialAction\":[{\"@type\":\"SearchAction\",\"target\":{\"@type\":\"EntryPoint\",\"urlTemplate\":\"https:\/\/www.keepoutbracelets.com\/en\/?s={search_term_string}\"},\"query-input\":{\"@type\":\"PropertyValueSpecification\",\"valueRequired\":true,\"valueName\":\"search_term_string\"}}],\"inLanguage\":\"en-US\"}]}<\/script>\n<!-- \/ Yoast SEO plugin. -->","yoast_head_json":{"title":"Bracciale Chakra - Keep Out Bracelets","robots":{"index":"index","follow":"follow","max-snippet":"max-snippet:-1","max-image-preview":"max-image-preview:large","max-video-preview":"max-video-preview:-1"},"canonical":"https:\/\/www.keepoutbracelets.com\/prodotto\/bracciale-chakra\/","og_locale":"en_US","og_type":"article","og_title":"Bracciale Chakra - Keep Out Bracelets","og_description":"Il bracciale Chakra ti aiuter\u00e0 a rafforzare e attivare i tuoi chakra. Ogni braccialetto corrisponde a un chakra particolare. Grazie al nodo scorrevole regolabile, il braccialetto chakra si adatta a qualsiasi polso. \u00c8 meraviglioso come regalo per una persona cara o come regalo per te stesso.  Made in Italy, come tutti i prodotti Keep Out, il bracciale Chakra \u00e8 caratterizzato dal nostro iconico ditale e si pu\u00f2 abbinare alla collana Basic. Per saperne di pi\u00f9, leggi questa storia.","og_url":"https:\/\/www.keepoutbracelets.com\/prodotto\/bracciale-chakra\/","og_site_name":"Keep Out Bracelets","article_modified_time":"2026-03-05T10:30:52+00:00","og_image":[{"width":1080,"height":1080,"url":"https:\/\/www.keepoutbracelets.com\/wp-content\/uploads\/2025\/01\/Progetto-senza-titolo14.png","type":"image\/png"}],"twitter_card":"summary_large_image","twitter_misc":{"Est. reading time":"2 minutes"},"schema":{"@context":"https:\/\/schema.org","@graph":[{"@type":"WebPage","@id":"https:\/\/www.keepoutbracelets.com\/prodotto\/bracciale-chakra\/","url":"https:\/\/www.keepoutbracelets.com\/prodotto\/bracciale-chakra\/","name":"Bracciale Chakra - Keep Out Bracelets","isPartOf":{"@id":"https:\/\/www.keepoutbracelets.com\/en\/#website"},"primaryImageOfPage":{"@id":"https:\/\/www.keepoutbracelets.com\/prodotto\/bracciale-chakra\/#primaryimage"},"image":{"@id":"https:\/\/www.keepoutbracelets.com\/prodotto\/bracciale-chakra\/#primaryimage"},"thumbnailUrl":"https:\/\/www.keepoutbracelets.com\/wp-content\/uploads\/2025\/01\/Progetto-senza-titolo14.png","datePublished":"2025-01-08T14:06:26+00:00","dateModified":"2026-03-05T10:30:52+00:00","breadcrumb":{"@id":"https:\/\/www.keepoutbracelets.com\/prodotto\/bracciale-chakra\/#breadcrumb"},"inLanguage":"en-US","potentialAction":[{"@type":"ReadAction","target":["https:\/\/www.keepoutbracelets.com\/prodotto\/bracciale-chakra\/"]}]},{"@type":"ImageObject","inLanguage":"en-US","@id":"https:\/\/www.keepoutbracelets.com\/prodotto\/bracciale-chakra\/#primaryimage","url":"https:\/\/www.keepoutbracelets.com\/wp-content\/uploads\/2025\/01\/Progetto-senza-titolo14.png","contentUrl":"https:\/\/www.keepoutbracelets.com\/wp-content\/uploads\/2025\/01\/Progetto-senza-titolo14.png","width":1080,"height":1080},{"@type":"BreadcrumbList","@id":"https:\/\/www.keepoutbracelets.com\/prodotto\/bracciale-chakra\/#breadcrumb","itemListElement":[{"@type":"ListItem","position":1,"name":"Home","item":"https:\/\/www.keepoutbracelets.com\/en\/"},{"@type":"ListItem","position":2,"name":"Shop","item":"https:\/\/www.keepoutbracelets.com\/en\/shop-2\/"},{"@type":"ListItem","position":3,"name":"Bracciale Chakra"}]},{"@type":"WebSite","@id":"https:\/\/www.keepoutbracelets.com\/en\/#website","url":"https:\/\/www.keepoutbracelets.com\/en\/","name":"Keep Out Bracelets","description":"...e la vita non ti punge!","potentialAction":[{"@type":"SearchAction","target":{"@type":"EntryPoint","urlTemplate":"https:\/\/www.keepoutbracelets.com\/en\/?s={search_term_string}"},"query-input":{"@type":"PropertyValueSpecification","valueRequired":true,"valueName":"search_term_string"}}],"inLanguage":"en-US"}]}},"_links":{"self":[{"href":"https:\/\/www.keepoutbracelets.com\/en\/wp-json\/wp\/v2\/product\/32923","targetHints":{"allow":["GET"]}}],"collection":[{"href":"https:\/\/www.keepoutbracelets.com\/en\/wp-json\/wp\/v2\/product"}],"about":[{"href":"https:\/\/www.keepoutbracelets.com\/en\/wp-json\/wp\/v2\/types\/product"}],"wp:featuredmedia":[{"embeddable":true,"href":"https:\/\/www.keepoutbracelets.com\/en\/wp-json\/wp\/v2\/media\/32957"}],"wp:attachment":[{"href":"https:\/\/www.keepoutbracelets.com\/en\/wp-json\/wp\/v2\/media?parent=32923"}],"wp:term":[{"taxonomy":"product_brand","embeddable":true,"href":"https:\/\/www.keepoutbracelets.com\/en\/wp-json\/wp\/v2\/product_brand?post=32923"},{"taxonomy":"product_cat","embeddable":true,"href":"https:\/\/www.keepoutbracelets.com\/en\/wp-json\/wp\/v2\/product_cat?post=32923"},{"taxonomy":"product_tag","embeddable":true,"href":"https:\/\/www.keepoutbracelets.com\/en\/wp-json\/wp\/v2\/product_tag?post=32923"}],"curies":[{"name":"wp","href":"https:\/\/api.w.org\/{rel}","templated":true}]}}