{"id":15348,"date":"2023-04-05T18:32:49","date_gmt":"2023-04-05T16:32:49","guid":{"rendered":"https:\/\/www.keepoutbracelets.com\/?post_type=product&#038;p=15348"},"modified":"2026-04-09T13:30:52","modified_gmt":"2026-04-09T11:30:52","slug":"bracciale-basic","status":"publish","type":"product","link":"https:\/\/www.keepoutbracelets.com\/en\/prodotto\/bracciale-basic\/","title":{"rendered":"Bracciale Basic"},"content":{"rendered":"<p>Il bracciale Basic \u00e8 il primo prodotto nato in casa Keep Out e l\u2019affetto che nutriamo nei suoi confronti \u00e8 rimasto immutato. \u00c8 un gioiello essenziale ed elegante, perfetto da indossare solo o da abbinare alla collana Basic.<\/p>\n<p>&nbsp;<\/p>\n<h6><b>Com\u2019\u00e8 fatto?<\/b><\/h6>\n<ul>\n<li>catena, moschettone e ditale alto 1 cm in argento 925 sottoposto a rodiatura. <a href=\"https:\/\/www.keepoutbracelets.com\/la-rodiatura-una-scelta-vincente\/\">Sai cosa significa?<\/a><\/li>\n<li>lunghezza catena: 17 cm + 3 cm di anellini di regolazione.<\/li>\n<\/ul>\n<p>&nbsp;<\/p>\n<h6><b>Il ditale a cosa serve?<\/b><\/h6>\n<p>Un&#8217;antica usanza narra che le nonne regalassero ai propri cari un piccolo ditale, simbolo di protezione da tutto ci\u00f2 che punge nella vita. Il Ditale \u00e8 il portafortuna che attraversa i secoli e non smette mai di stupirti.<\/p>\n<p>&nbsp;<\/p>\n<h6><b>\u00c8 un regalo?<\/b><\/h6>\n<p>Questo prodotto viene normalmente inserito in un astuccio di cartone, ma se desideri la confezione regalo che trovi in foto potrai aggiungerla durante il check-out al costo di 1,50 \u20ac.<\/p>\n<p>&nbsp;<\/p>\n<h6><b>Grazie!<\/b><\/h6>\n<p>Keep Out sostiene, anche grazie a voi, Vitas Onlus sul nostro territorio e la Keep Out School of Love a Jaipur. Per saperne di pi\u00f9, <a href=\"https:\/\/www.keepoutbracelets.com\/keep-out-e-vitas-un-sodalizio-100-casalese\/\">leggi questo approfondimento.<\/a><\/p>\n<p>&nbsp;<\/p>\n","protected":false},"excerpt":{"rendered":"<p><span style=\"font-weight: 400;\">Il bracciale Basico si distingue per la catena leggera (proprio come l\u2019aria!) costituita da piccoli anelli associata a un ditale impreziosito da pietre. \u00c8 un gioiello essenziale ed elegante, perfetto da indossare solo o da abbinare ad altri bracciali.<\/span><\/p>\n<p><span style=\"font-weight: 400;\">Made in Italy, come tutti i prodotti Keep Out, il bracciale Basico \u00e8 caratterizzato dal nostro iconico ditale e si pu\u00f2 abbinare alla collana Basic. Per saperne di pi\u00f9, <a href=\"https:\/\/www.keepoutbracelets.com\/keep-out-e-il-ditale-la-vera-storia\/\">leggi questa storia.<\/a><\/span><\/p>\n","protected":false},"featured_media":15418,"template":"","meta":{"_monsterinsights_skip_tracking":false,"_monsterinsights_sitenote_active":false,"_monsterinsights_sitenote_note":"","_monsterinsights_sitenote_category":0},"product_brand":[],"product_cat":[18],"product_tag":[],"class_list":{"0":"post-15348","1":"product","2":"type-product","3":"status-publish","4":"has-post-thumbnail","6":"product_cat-bracciali","8":"first","9":"instock","10":"featured","11":"taxable","12":"shipping-taxable","13":"purchasable","14":"product-type-variable","15":"has-default-attributes"},"yoast_head":"<!-- This site is optimized with the Yoast SEO plugin v23.7 - https:\/\/yoast.com\/wordpress\/plugins\/seo\/ -->\n<title>Bracciale Basic - Keep Out Bracelets<\/title>\n<meta name=\"robots\" content=\"index, follow, max-snippet:-1, max-image-preview:large, max-video-preview:-1\" \/>\n<link rel=\"canonical\" href=\"https:\/\/www.keepoutbracelets.com\/prodotto\/bracciale-basic\/\" \/>\n<meta property=\"og:locale\" content=\"en_US\" \/>\n<meta property=\"og:type\" content=\"article\" \/>\n<meta property=\"og:title\" content=\"Bracciale Basic - Keep Out Bracelets\" \/>\n<meta property=\"og:description\" content=\"Il bracciale Basico si distingue per la catena leggera (proprio come l\u2019aria!) costituita da piccoli anelli associata a un ditale impreziosito da pietre. \u00c8 un gioiello essenziale ed elegante, perfetto da indossare solo o da abbinare ad altri bracciali.  Made in Italy, come tutti i prodotti Keep Out, il bracciale Basico \u00e8 caratterizzato dal nostro iconico ditale e si pu\u00f2 abbinare alla collana Basic. Per saperne di pi\u00f9, leggi questa storia.\" \/>\n<meta property=\"og:url\" content=\"https:\/\/www.keepoutbracelets.com\/prodotto\/bracciale-basic\/\" \/>\n<meta property=\"og:site_name\" content=\"Keep Out Bracelets\" \/>\n<meta property=\"article:modified_time\" content=\"2026-04-09T11:30:52+00:00\" \/>\n<meta property=\"og:image\" content=\"https:\/\/www.keepoutbracelets.com\/wp-content\/uploads\/2023\/04\/6.jpg\" \/>\n\t<meta property=\"og:image:width\" content=\"1080\" \/>\n\t<meta property=\"og:image:height\" content=\"1080\" \/>\n\t<meta property=\"og:image:type\" content=\"image\/jpeg\" \/>\n<meta name=\"twitter:card\" content=\"summary_large_image\" \/>\n<meta name=\"twitter:label1\" content=\"Est. reading time\" \/>\n\t<meta name=\"twitter:data1\" content=\"2 minutes\" \/>\n<script type=\"application\/ld+json\" class=\"yoast-schema-graph\">{\"@context\":\"https:\/\/schema.org\",\"@graph\":[{\"@type\":\"WebPage\",\"@id\":\"https:\/\/www.keepoutbracelets.com\/prodotto\/bracciale-basic\/\",\"url\":\"https:\/\/www.keepoutbracelets.com\/prodotto\/bracciale-basic\/\",\"name\":\"Bracciale Basic - Keep Out Bracelets\",\"isPartOf\":{\"@id\":\"https:\/\/www.keepoutbracelets.com\/en\/#website\"},\"primaryImageOfPage\":{\"@id\":\"https:\/\/www.keepoutbracelets.com\/prodotto\/bracciale-basic\/#primaryimage\"},\"image\":{\"@id\":\"https:\/\/www.keepoutbracelets.com\/prodotto\/bracciale-basic\/#primaryimage\"},\"thumbnailUrl\":\"https:\/\/www.keepoutbracelets.com\/wp-content\/uploads\/2023\/04\/6.jpg\",\"datePublished\":\"2023-04-05T16:32:49+00:00\",\"dateModified\":\"2026-04-09T11:30:52+00:00\",\"breadcrumb\":{\"@id\":\"https:\/\/www.keepoutbracelets.com\/prodotto\/bracciale-basic\/#breadcrumb\"},\"inLanguage\":\"en-US\",\"potentialAction\":[{\"@type\":\"ReadAction\",\"target\":[\"https:\/\/www.keepoutbracelets.com\/prodotto\/bracciale-basic\/\"]}]},{\"@type\":\"ImageObject\",\"inLanguage\":\"en-US\",\"@id\":\"https:\/\/www.keepoutbracelets.com\/prodotto\/bracciale-basic\/#primaryimage\",\"url\":\"https:\/\/www.keepoutbracelets.com\/wp-content\/uploads\/2023\/04\/6.jpg\",\"contentUrl\":\"https:\/\/www.keepoutbracelets.com\/wp-content\/uploads\/2023\/04\/6.jpg\",\"width\":1080,\"height\":1080},{\"@type\":\"BreadcrumbList\",\"@id\":\"https:\/\/www.keepoutbracelets.com\/prodotto\/bracciale-basic\/#breadcrumb\",\"itemListElement\":[{\"@type\":\"ListItem\",\"position\":1,\"name\":\"Home\",\"item\":\"https:\/\/www.keepoutbracelets.com\/en\/\"},{\"@type\":\"ListItem\",\"position\":2,\"name\":\"Shop\",\"item\":\"https:\/\/www.keepoutbracelets.com\/en\/shop-2\/\"},{\"@type\":\"ListItem\",\"position\":3,\"name\":\"Bracciale Basic\"}]},{\"@type\":\"WebSite\",\"@id\":\"https:\/\/www.keepoutbracelets.com\/en\/#website\",\"url\":\"https:\/\/www.keepoutbracelets.com\/en\/\",\"name\":\"Keep Out Bracelets\",\"description\":\"...e la vita non ti punge!\",\"potentialAction\":[{\"@type\":\"SearchAction\",\"target\":{\"@type\":\"EntryPoint\",\"urlTemplate\":\"https:\/\/www.keepoutbracelets.com\/en\/?s={search_term_string}\"},\"query-input\":{\"@type\":\"PropertyValueSpecification\",\"valueRequired\":true,\"valueName\":\"search_term_string\"}}],\"inLanguage\":\"en-US\"}]}<\/script>\n<!-- \/ Yoast SEO plugin. -->","yoast_head_json":{"title":"Bracciale Basic - Keep Out Bracelets","robots":{"index":"index","follow":"follow","max-snippet":"max-snippet:-1","max-image-preview":"max-image-preview:large","max-video-preview":"max-video-preview:-1"},"canonical":"https:\/\/www.keepoutbracelets.com\/prodotto\/bracciale-basic\/","og_locale":"en_US","og_type":"article","og_title":"Bracciale Basic - Keep Out Bracelets","og_description":"Il bracciale Basico si distingue per la catena leggera (proprio come l\u2019aria!) costituita da piccoli anelli associata a un ditale impreziosito da pietre. \u00c8 un gioiello essenziale ed elegante, perfetto da indossare solo o da abbinare ad altri bracciali.  Made in Italy, come tutti i prodotti Keep Out, il bracciale Basico \u00e8 caratterizzato dal nostro iconico ditale e si pu\u00f2 abbinare alla collana Basic. Per saperne di pi\u00f9, leggi questa storia.","og_url":"https:\/\/www.keepoutbracelets.com\/prodotto\/bracciale-basic\/","og_site_name":"Keep Out Bracelets","article_modified_time":"2026-04-09T11:30:52+00:00","og_image":[{"width":1080,"height":1080,"url":"https:\/\/www.keepoutbracelets.com\/wp-content\/uploads\/2023\/04\/6.jpg","type":"image\/jpeg"}],"twitter_card":"summary_large_image","twitter_misc":{"Est. reading time":"2 minutes"},"schema":{"@context":"https:\/\/schema.org","@graph":[{"@type":"WebPage","@id":"https:\/\/www.keepoutbracelets.com\/prodotto\/bracciale-basic\/","url":"https:\/\/www.keepoutbracelets.com\/prodotto\/bracciale-basic\/","name":"Bracciale Basic - Keep Out Bracelets","isPartOf":{"@id":"https:\/\/www.keepoutbracelets.com\/en\/#website"},"primaryImageOfPage":{"@id":"https:\/\/www.keepoutbracelets.com\/prodotto\/bracciale-basic\/#primaryimage"},"image":{"@id":"https:\/\/www.keepoutbracelets.com\/prodotto\/bracciale-basic\/#primaryimage"},"thumbnailUrl":"https:\/\/www.keepoutbracelets.com\/wp-content\/uploads\/2023\/04\/6.jpg","datePublished":"2023-04-05T16:32:49+00:00","dateModified":"2026-04-09T11:30:52+00:00","breadcrumb":{"@id":"https:\/\/www.keepoutbracelets.com\/prodotto\/bracciale-basic\/#breadcrumb"},"inLanguage":"en-US","potentialAction":[{"@type":"ReadAction","target":["https:\/\/www.keepoutbracelets.com\/prodotto\/bracciale-basic\/"]}]},{"@type":"ImageObject","inLanguage":"en-US","@id":"https:\/\/www.keepoutbracelets.com\/prodotto\/bracciale-basic\/#primaryimage","url":"https:\/\/www.keepoutbracelets.com\/wp-content\/uploads\/2023\/04\/6.jpg","contentUrl":"https:\/\/www.keepoutbracelets.com\/wp-content\/uploads\/2023\/04\/6.jpg","width":1080,"height":1080},{"@type":"BreadcrumbList","@id":"https:\/\/www.keepoutbracelets.com\/prodotto\/bracciale-basic\/#breadcrumb","itemListElement":[{"@type":"ListItem","position":1,"name":"Home","item":"https:\/\/www.keepoutbracelets.com\/en\/"},{"@type":"ListItem","position":2,"name":"Shop","item":"https:\/\/www.keepoutbracelets.com\/en\/shop-2\/"},{"@type":"ListItem","position":3,"name":"Bracciale Basic"}]},{"@type":"WebSite","@id":"https:\/\/www.keepoutbracelets.com\/en\/#website","url":"https:\/\/www.keepoutbracelets.com\/en\/","name":"Keep Out Bracelets","description":"...e la vita non ti punge!","potentialAction":[{"@type":"SearchAction","target":{"@type":"EntryPoint","urlTemplate":"https:\/\/www.keepoutbracelets.com\/en\/?s={search_term_string}"},"query-input":{"@type":"PropertyValueSpecification","valueRequired":true,"valueName":"search_term_string"}}],"inLanguage":"en-US"}]}},"_links":{"self":[{"href":"https:\/\/www.keepoutbracelets.com\/en\/wp-json\/wp\/v2\/product\/15348","targetHints":{"allow":["GET"]}}],"collection":[{"href":"https:\/\/www.keepoutbracelets.com\/en\/wp-json\/wp\/v2\/product"}],"about":[{"href":"https:\/\/www.keepoutbracelets.com\/en\/wp-json\/wp\/v2\/types\/product"}],"wp:featuredmedia":[{"embeddable":true,"href":"https:\/\/www.keepoutbracelets.com\/en\/wp-json\/wp\/v2\/media\/15418"}],"wp:attachment":[{"href":"https:\/\/www.keepoutbracelets.com\/en\/wp-json\/wp\/v2\/media?parent=15348"}],"wp:term":[{"taxonomy":"product_brand","embeddable":true,"href":"https:\/\/www.keepoutbracelets.com\/en\/wp-json\/wp\/v2\/product_brand?post=15348"},{"taxonomy":"product_cat","embeddable":true,"href":"https:\/\/www.keepoutbracelets.com\/en\/wp-json\/wp\/v2\/product_cat?post=15348"},{"taxonomy":"product_tag","embeddable":true,"href":"https:\/\/www.keepoutbracelets.com\/en\/wp-json\/wp\/v2\/product_tag?post=15348"}],"curies":[{"name":"wp","href":"https:\/\/api.w.org\/{rel}","templated":true}]}}